{"id":3432,"date":"2013-03-09T07:13:52","date_gmt":"2013-03-09T06:13:52","guid":{"rendered":"http:\/\/stenbrogatan.homeftp.org\/?page_id=3432"},"modified":"2013-09-08T10:27:20","modified_gmt":"2013-09-08T09:27:20","slug":"om-kokboken","status":"publish","type":"page","link":"https:\/\/stenbrogatan.homeftp.org\/?page_id=3432","title":{"rendered":"Om kokboken"},"content":{"rendered":"<p><span style=\"text-decoration: underline; color: #000000;\"><strong>Om mig<\/strong><\/span><\/p>\n<p><span style=\"color: #000000;\">Jag heter Henrik och \u00e4r en glad amat\u00f6rkock som gillar att laga god mat och dela med mig av mina recept. Recepten passar b\u00e5de till vardags och till fest. Jag hoppas att ni blir inspirerade att laga god mat och att jag kan dela med mig av min mat gl\u00e4dje till er.<\/span><\/p>\n<p><span style=\"text-decoration: underline; color: #000000;\"><strong>Historia<\/strong><\/span><\/p>\n<p><span style=\"color: #000000;\">Jag b\u00f6rjade samla recept till Henriks kokbok 1996 eftersom jag hade tr\u00f6ttnat p\u00e5 att leta efter recept skrivna p\u00e5 l\u00f6sa lappar. Jag b\u00f6rjade skriva in n\u00e5gra recept i Microsoft Word f\u00f6r att kunna hitta dem snabbt. D\u00e4refter uppdaterade jag kokboken kontinuerligt med nya recept som jag tyckte var bra. Efter m\u00e5nga \u00e5r med nya recept och bilder blev det f\u00f6r mycket f\u00f6r Word att klara av. D\u00e5 best\u00e4mde jag mig f\u00f6r att l\u00e4gga kokboken p\u00e5 n\u00e4tet. Kokboken har \u00e4ven blivit utskriven p\u00e5 tryckeri tv\u00e5 g\u00e5nger.<\/span><\/p>\n<p><span style=\"color: #000000;\">Jag och mina kompisar har som tradition att en g\u00e5ng i kvartalet tr\u00e4ffas och laga n\u00e5got gott fr\u00e5n kokboken. Detta \u00e4r b\u00e5de socialt och mycket uppskattat.<\/span><\/p>\n<p><span style=\"color: #000000;\"><strong><span style=\"text-decoration: underline;\">Om recepten<\/span><\/strong><\/span><\/p>\n<p><span style=\"color: #000000;\">Recepten grundas oftast p\u00e5 ett eller flera recept som jag hittat i receptb\u00f6cker, internet eller i reklamblad. Dessa har modifierats f\u00f6r att f\u00e5 det b\u00e4sta och godaste resultatet. Eftersom jag sj\u00e4lv inte tycker om fisk och skaldjur kommer ni inte att finna n\u00e5gra s\u00e5dana recept i min kokbok.<\/span><\/p>\n<p>&nbsp;<\/p>\n<p>&nbsp;<\/p>\n","protected":false},"excerpt":{"rendered":"<p>Om mig Jag heter Henrik och \u00e4r en glad amat\u00f6rkock som gillar att laga god mat och dela med mig av mina recept. Recepten passar b\u00e5de till vardags och till fest. Jag hoppas att ni blir inspirerade att laga god mat och att jag kan&hellip;<\/p>\n","protected":false},"author":1,"featured_media":0,"parent":0,"menu_order":0,"comment_status":"closed","ping_status":"closed","template":"","meta":{"footnotes":""},"class_list":["post-3432","page","type-page","status-publish","hentry"],"_links":{"self":[{"href":"https:\/\/stenbrogatan.homeftp.org\/index.php?rest_route=\/wp\/v2\/pages\/3432","targetHints":{"allow":["GET"]}}],"collection":[{"href":"https:\/\/stenbrogatan.homeftp.org\/index.php?rest_route=\/wp\/v2\/pages"}],"about":[{"href":"https:\/\/stenbrogatan.homeftp.org\/index.php?rest_route=\/wp\/v2\/types\/page"}],"author":[{"embeddable":true,"href":"https:\/\/stenbrogatan.homeftp.org\/index.php?rest_route=\/wp\/v2\/users\/1"}],"replies":[{"embeddable":true,"href":"https:\/\/stenbrogatan.homeftp.org\/index.php?rest_route=%2Fwp%2Fv2%2Fcomments&post=3432"}],"version-history":[{"count":0,"href":"https:\/\/stenbrogatan.homeftp.org\/index.php?rest_route=\/wp\/v2\/pages\/3432\/revisions"}],"wp:attachment":[{"href":"https:\/\/stenbrogatan.homeftp.org\/index.php?rest_route=%2Fwp%2Fv2%2Fmedia&parent=3432"}],"curies":[{"name":"wp","href":"https:\/\/api.w.org\/{rel}","templated":true}]}}